{"id":298,"date":"2017-10-26T10:55:04","date_gmt":"2017-10-26T08:55:04","guid":{"rendered":"https:\/\/www.sui4616.ch\/services\/composites-works\/"},"modified":"2024-06-05T11:43:14","modified_gmt":"2024-06-05T09:43:14","slug":"composites-works","status":"publish","type":"page","link":"https:\/\/www.sui4616.ch\/en\/the-shipyard\/composites-works\/","title":{"rendered":"Composites works"},"content":{"rendered":"<p>[et_pb_section fb_built=&#8221;1&#8243; _builder_version=&#8221;4.16&#8243; global_colors_info=&#8221;{}&#8221;][et_pb_row _builder_version=&#8221;4.16&#8243; custom_margin=&#8221;10px|0px|0px|0px&#8221; custom_padding=&#8221;0px|0px|0px|0px&#8221; global_colors_info=&#8221;{}&#8221;][et_pb_column type=&#8221;4_4&#8243; _builder_version=&#8221;4.16&#8243; custom_padding=&#8221;|||&#8221; global_colors_info=&#8221;{}&#8221; custom_padding__hover=&#8221;|||&#8221;][et_pb_slider show_arrows=&#8221;off&#8221; show_pagination=&#8221;off&#8221; admin_label=&#8221;Image haut de page (slideshow)&#8221; module_class=&#8221;slideshow_haut_de_pages&#8221; _builder_version=&#8221;4.16&#8243; box_shadow_style=&#8221;preset6&#8243; box_shadow_blur=&#8221;10px&#8221; box_shadow_color=&#8221;rgba(0,0,0,0.1)&#8221; show_inner_shadow=&#8221;on&#8221; global_colors_info=&#8221;{}&#8221; button_text_size__hover_enabled=&#8221;off&#8221; button_one_text_size__hover_enabled=&#8221;off&#8221; button_two_text_size__hover_enabled=&#8221;off&#8221; button_text_color__hover_enabled=&#8221;off&#8221; button_one_text_color__hover_enabled=&#8221;off&#8221; button_two_text_color__hover_enabled=&#8221;off&#8221; button_border_width__hover_enabled=&#8221;off&#8221; button_one_border_width__hover_enabled=&#8221;off&#8221; button_two_border_width__hover_enabled=&#8221;off&#8221; button_border_color__hover_enabled=&#8221;off&#8221; button_one_border_color__hover_enabled=&#8221;off&#8221; button_two_border_color__hover_enabled=&#8221;off&#8221; button_border_radius__hover_enabled=&#8221;off&#8221; button_one_border_radius__hover_enabled=&#8221;off&#8221; button_two_border_radius__hover_enabled=&#8221;off&#8221; button_letter_spacing__hover_enabled=&#8221;off&#8221; button_one_letter_spacing__hover_enabled=&#8221;off&#8221; button_two_letter_spacing__hover_enabled=&#8221;off&#8221; button_bg_color__hover_enabled=&#8221;off&#8221; button_one_bg_color__hover_enabled=&#8221;off&#8221; button_two_bg_color__hover_enabled=&#8221;off&#8221;][et_pb_slide heading=&#8221;Composites works&#8221; use_bg_overlay=&#8221;off&#8221; use_text_overlay=&#8221;off&#8221; admin_title=&#8221;Image titre (slide 1)&#8221; _builder_version=&#8221;4.16&#8243; header_level=&#8221;h1&#8243; background_color=&#8221;#ffffff&#8221; background_image=&#8221;https:\/\/www.sui4616.ch\/wp-content\/uploads\/2022\/08\/DSC2918-scaled.jpg&#8221; background_enable_image=&#8221;on&#8221; text_orientation=&#8221;left&#8221; global_colors_info=&#8221;{}&#8221; button_text_size__hover_enabled=&#8221;off&#8221; button_one_text_size__hover_enabled=&#8221;off&#8221; button_two_text_size__hover_enabled=&#8221;off&#8221; button_text_color__hover_enabled=&#8221;off&#8221; button_one_text_color__hover_enabled=&#8221;off&#8221; button_two_text_color__hover_enabled=&#8221;off&#8221; button_border_width__hover_enabled=&#8221;off&#8221; button_one_border_width__hover_enabled=&#8221;off&#8221; button_two_border_width__hover_enabled=&#8221;off&#8221; button_border_color__hover_enabled=&#8221;off&#8221; button_one_border_color__hover_enabled=&#8221;off&#8221; button_two_border_color__hover_enabled=&#8221;off&#8221; button_border_radius__hover_enabled=&#8221;off&#8221; button_one_border_radius__hover_enabled=&#8221;off&#8221; button_two_border_radius__hover_enabled=&#8221;off&#8221; button_letter_spacing__hover_enabled=&#8221;off&#8221; button_one_letter_spacing__hover_enabled=&#8221;off&#8221; button_two_letter_spacing__hover_enabled=&#8221;off&#8221; button_bg_color__hover_enabled=&#8221;off&#8221; button_one_bg_color__hover_enabled=&#8221;off&#8221; button_two_bg_color__hover_enabled=&#8221;off&#8221; sticky_transition=&#8221;on&#8221;]<\/p>\n<p><span class=\"copyrightblanc imagecopyright\"><span class=\"copyrightnoir imagecopyright\">\u00a9 Loris Von Siebenthal<\/span><\/span><\/p>\n<p>[\/et_pb_slide][\/et_pb_slider][\/et_pb_column][\/et_pb_row][et_pb_row _builder_version=&#8221;4.16&#8243; background_size=&#8221;initial&#8221; background_position=&#8221;top_left&#8221; background_repeat=&#8221;repeat&#8221; global_colors_info=&#8221;{}&#8221;][et_pb_column type=&#8221;4_4&#8243; _builder_version=&#8221;4.16&#8243; custom_padding=&#8221;|||&#8221; global_colors_info=&#8221;{}&#8221; custom_padding__hover=&#8221;|||&#8221;][et_pb_text _builder_version=&#8221;4.20.4&#8243; _module_preset=&#8221;default&#8221; hover_enabled=&#8221;0&#8243; global_colors_info=&#8221;{}&#8221; sticky_enabled=&#8221;0&#8243;]<\/p>\n<div class=\"et_pb_module et_pb_text et_pb_text_0  et_pb_text_align_left et_pb_bg_layout_light\">\n<div class=\"et_pb_text_inner\">\n<h2>\/ The Shipyard<\/h2>\n<p>Route Suisse 56 1295 Mies<\/p>\n<h2>\/ Opening time<\/h2>\n<p>Monday-Friday: 8am-12pm \/1pm-5.30pm<\/p>\n<\/div>\n<\/div>\n<p>[\/et_pb_text][et_pb_text _builder_version=&#8221;4.16&#8243; global_colors_info=&#8221;{}&#8221;]Pour des raisons de poids, de rigidit\u00e9 ou d\u2019esth\u00e9tique, le carbone est la bonne solution pour la r\u00e9alisation de pi\u00e8ces de toutes sortes.<\/p>\n<ul>\n<li>r\u00e9alisation sur mesure de renforts, supports, cales, accastillages et caches de protection<\/li>\n<li>r\u00e9parations en mat\u00e9riaux composites (p.ex. en cas d\u2019amorce de fissure, d\u2019insert qui bouge ou d\u2019axe qui a du jeu)<\/li>\n<\/ul>\n<h3><a href=\"https:\/\/www.sui4616.ch\/galerie-photos-travaux-composite\/\">Galerie composite<\/a><\/h3>\n<p>[\/et_pb_text][\/et_pb_column][\/et_pb_row][\/et_pb_section]<\/p>\n","protected":false},"excerpt":{"rendered":"<p>\u00a9 Loris Von Siebenthal \/ The Shipyard Route Suisse 56 1295 Mies \/ Opening time Monday-Friday: 8am-12pm \/1pm-5.30pm Pour des raisons de poids, de rigidit\u00e9 ou d\u2019esth\u00e9tique, le carbone est la bonne solution pour la r\u00e9alisation de pi\u00e8ces de toutes sortes. r\u00e9alisation sur mesure de renforts, supports, cales, accastillages et caches de protection r\u00e9parations en [&hellip;]<\/p>\n","protected":false},"author":1,"featured_media":0,"parent":253,"menu_order":0,"comment_status":"closed","ping_status":"closed","template":"","meta":{"_et_pb_use_builder":"on","_et_pb_old_content":"","_et_gb_content_width":"","_mi_skip_tracking":false},"acf":[],"_links":{"self":[{"href":"https:\/\/www.sui4616.ch\/en\/wp-json\/wp\/v2\/pages\/298"}],"collection":[{"href":"https:\/\/www.sui4616.ch\/en\/wp-json\/wp\/v2\/pages"}],"about":[{"href":"https:\/\/www.sui4616.ch\/en\/wp-json\/wp\/v2\/types\/page"}],"author":[{"embeddable":true,"href":"https:\/\/www.sui4616.ch\/en\/wp-json\/wp\/v2\/users\/1"}],"replies":[{"embeddable":true,"href":"https:\/\/www.sui4616.ch\/en\/wp-json\/wp\/v2\/comments?post=298"}],"version-history":[{"count":24,"href":"https:\/\/www.sui4616.ch\/en\/wp-json\/wp\/v2\/pages\/298\/revisions"}],"predecessor-version":[{"id":4489,"href":"https:\/\/www.sui4616.ch\/en\/wp-json\/wp\/v2\/pages\/298\/revisions\/4489"}],"up":[{"embeddable":true,"href":"https:\/\/www.sui4616.ch\/en\/wp-json\/wp\/v2\/pages\/253"}],"wp:attachment":[{"href":"https:\/\/www.sui4616.ch\/en\/wp-json\/wp\/v2\/media?parent=298"}],"curies":[{"name":"wp","href":"https:\/\/api.w.org\/{rel}","templated":true}]}}