{"id":354,"date":"2017-10-26T12:01:01","date_gmt":"2017-10-26T10:01:01","guid":{"rendered":"https:\/\/www.sui4616.ch\/products\/hardware\/"},"modified":"2019-02-19T18:05:48","modified_gmt":"2019-02-19T17:05:48","slug":"hardware","status":"publish","type":"page","link":"https:\/\/www.sui4616.ch\/en\/products\/hardware\/","title":{"rendered":"Hardware"},"content":{"rendered":"<p>[et_pb_section bb_built=&#8221;1&#8243;][et_pb_row _builder_version=&#8221;3.0.85&#8243; custom_margin=&#8221;10px|0px|0px|0px&#8221; custom_padding=&#8221;0px|0px|0px|0px&#8221;][et_pb_column type=&#8221;4_4&#8243;][et_pb_slider admin_label=&#8221;Image haut de page (slideshow)&#8221; _builder_version=&#8221;3.0.86&#8243; show_arrows=&#8221;off&#8221; show_pagination=&#8221;off&#8221; show_inner_shadow=&#8221;on&#8221; custom_button=&#8221;off&#8221; button_icon_placement=&#8221;right&#8221; module_class=&#8221;slideshow_haut_de_pages&#8221; show_content_on_mobile=&#8221;on&#8221; show_cta_on_mobile=&#8221;on&#8221; show_image_video_mobile=&#8221;off&#8221;]<\/p>\n<p>[et_pb_slide _builder_version=&#8221;3.0.86&#8243; heading=&#8221;Hardware&#8221; use_background_color_gradient=&#8221;off&#8221; background_color_gradient_start=&#8221;#2b87da&#8221; background_color_gradient_end=&#8221;#29c4a9&#8243; background_color_gradient_type=&#8221;linear&#8221; background_color_gradient_direction=&#8221;180deg&#8221; background_color_gradient_direction_radial=&#8221;center&#8221; background_color_gradient_start_position=&#8221;0%&#8221; background_color_gradient_end_position=&#8221;100%&#8221; background_image=&#8221;https:\/\/www.sui4616.ch\/wp-content\/uploads\/2017\/10\/produit_accastillage-\u00a9-Loris-Von-Siebenthal.jpg&#8221; parallax=&#8221;off&#8221; parallax_method=&#8221;on&#8221; background_size=&#8221;cover&#8221; background_position=&#8221;center&#8221; background_repeat=&#8221;no-repeat&#8221; background_blend=&#8221;normal&#8221; allow_player_pause=&#8221;off&#8221; admin_title=&#8221;Image titre (slide 1)&#8221; use_bg_overlay=&#8221;off&#8221; use_text_overlay=&#8221;off&#8221; text_border_radius=&#8221;3&#8243; alignment=&#8221;center&#8221; background_layout=&#8221;dark&#8221; header_level=&#8221;h1&#8243; text_orientation=&#8221;left&#8221; background_color_gradient_overlays_image=&#8221;off&#8221; text_shadow_horizontal_length=&#8221;0em&#8221; text_shadow_vertical_length=&#8221;0em&#8221; text_shadow_blur_strength=&#8221;0em&#8221; header_text_shadow_horizontal_length=&#8221;0em&#8221; header_text_shadow_vertical_length=&#8221;0em&#8221; header_text_shadow_blur_strength=&#8221;0em&#8221; body_text_shadow_horizontal_length=&#8221;0em&#8221; body_text_shadow_vertical_length=&#8221;0em&#8221; body_text_shadow_blur_strength=&#8221;0em&#8221; button_text_shadow_horizontal_length=&#8221;0em&#8221; button_text_shadow_vertical_length=&#8221;0em&#8221; button_text_shadow_blur_strength=&#8221;0em&#8221;]<\/p>\n<p><span class=\"copyrightblanc imagecopyright\">\u00a9 Loris Von Siebenthal<\/span><\/p>\n<p>[\/et_pb_slide]<\/p>\n<p>[\/et_pb_slider][\/et_pb_column][\/et_pb_row][et_pb_row][et_pb_column type=&#8221;4_4&#8243;][et_pb_text _builder_version=&#8221;3.0.85&#8243; background_layout=&#8221;light&#8221;]<\/p>\n<p>Do you ignore the list of the equipment you have to always possess on board? Did you already lose a shackle pin or make a hole in your spinnaker? Don\u2019t worry, you\u2019re normal! SUI 46\u00b016\u2019 is here to help and advise you. Regarding chandlery, our selection goes from fenders, boat hooks, flags, etc. to tapes and the unavoidable shackles and pulleys. In short, all the useful and required boats equipments! And if the model is lacking, we easily order it for you.<\/p>\n<p>[\/et_pb_text][\/et_pb_column][\/et_pb_row][et_pb_row][et_pb_column type=&#8221;1_4&#8243;][et_pb_text _builder_version=&#8221;3.0.85&#8243; background_layout=&#8221;light&#8221;]<\/p>\n<p><a href=\"http:\/\/pontos.fr\" target=\"_blank\" rel=\"noopener\"><img decoding=\"async\" loading=\"lazy\" class=\"alignnone wp-image-1122 size-full\" src=\"https:\/\/www.sui4616.ch\/wp-content\/uploads\/2017\/10\/Logo-PONTOS-e1509720391840.jpg\" alt=\"Pontos\" width=\"300\" height=\"141\" \/><\/a><\/p>\n<p>[\/et_pb_text][\/et_pb_column][et_pb_column type=&#8221;3_4&#8243;][et_pb_text _builder_version=&#8221;3.0.85&#8243; background_layout=&#8221;light&#8221;]<\/p>\n<p>PONTOS from Saint Malo in France has introduced a new standard to the world of winches. Their game-changing winches revolutionize the way you manoeuvre.<\/p>\n<p>PONTOS brings racing technology to everyone and boosts your performance to new levels. Join us and push back your limits!<\/p>\n<p>[\/et_pb_text][\/et_pb_column][\/et_pb_row][et_pb_row][et_pb_column type=&#8221;1_4&#8243;][et_pb_text _builder_version=&#8221;3.0.85&#8243; background_layout=&#8221;light&#8221;]<\/p>\n<p><a href=\"http:\/\/ino-block.com\" target=\"_blank\" rel=\"noopener\"><img decoding=\"async\" loading=\"lazy\" class=\"alignnone size-full wp-image-1124\" src=\"https:\/\/www.sui4616.ch\/wp-content\/uploads\/2017\/10\/logo-ino-block-e1509720590693.png\" alt=\"Ino-Block\" width=\"300\" height=\"108\" \/><\/a><\/p>\n<p>[\/et_pb_text][\/et_pb_column][et_pb_column type=&#8221;3_4&#8243;][et_pb_text _builder_version=&#8221;3.0.85&#8243; background_layout=&#8221;light&#8221;]<\/p>\n<p>After 3 years of development, INO-BLOCK has now a full fange of block, from 0.8 to 6 ton working load.<\/p>\n<p>Pr\u00e9sent\u00e9es aux DAME AWARDS, d\u00e9j\u00e0 adopt\u00e9es par de grands noms de la course au large en France, ces nouvelles poulies int\u00e9grant la technologie TAT sont en train de r\u00e9volutionner le monde de la poulie !<\/p>\n<p>[\/et_pb_text][\/et_pb_column][\/et_pb_row][et_pb_row][et_pb_column type=&#8221;4_4&#8243;][et_pb_text _builder_version=&#8221;3.0.89&#8243; background_layout=&#8221;light&#8221; custom_margin=&#8221;20px|||&#8221;]<\/p>\n<p><img decoding=\"async\" loading=\"lazy\" class=\"alignnone size-full wp-image-1975\" src=\"https:\/\/www.sui4616.ch\/wp-content\/uploads\/2018\/03\/logos-marques_harken_lewmar_karver_tylaska_ronstan_equiplite_spinlock_bartels_clamcleat_kohlhoff_wichard_tyetec_windex_selden_ropeye_seasure_sui4616-1.jpg\" alt=\"\" width=\"1132\" height=\"196\" srcset=\"https:\/\/www.sui4616.ch\/wp-content\/uploads\/2018\/03\/logos-marques_harken_lewmar_karver_tylaska_ronstan_equiplite_spinlock_bartels_clamcleat_kohlhoff_wichard_tyetec_windex_selden_ropeye_seasure_sui4616-1.jpg 1132w, https:\/\/www.sui4616.ch\/wp-content\/uploads\/2018\/03\/logos-marques_harken_lewmar_karver_tylaska_ronstan_equiplite_spinlock_bartels_clamcleat_kohlhoff_wichard_tyetec_windex_selden_ropeye_seasure_sui4616-1-300x52.jpg 300w, https:\/\/www.sui4616.ch\/wp-content\/uploads\/2018\/03\/logos-marques_harken_lewmar_karver_tylaska_ronstan_equiplite_spinlock_bartels_clamcleat_kohlhoff_wichard_tyetec_windex_selden_ropeye_seasure_sui4616-1-768x133.jpg 768w, https:\/\/www.sui4616.ch\/wp-content\/uploads\/2018\/03\/logos-marques_harken_lewmar_karver_tylaska_ronstan_equiplite_spinlock_bartels_clamcleat_kohlhoff_wichard_tyetec_windex_selden_ropeye_seasure_sui4616-1-1024x177.jpg 1024w, https:\/\/www.sui4616.ch\/wp-content\/uploads\/2018\/03\/logos-marques_harken_lewmar_karver_tylaska_ronstan_equiplite_spinlock_bartels_clamcleat_kohlhoff_wichard_tyetec_windex_selden_ropeye_seasure_sui4616-1-1080x187.jpg 1080w\" sizes=\"(max-width: 1132px) 100vw, 1132px\" \/><\/p>\n<p>[\/et_pb_text][\/et_pb_column][\/et_pb_row][\/et_pb_section]<\/p>\n","protected":false},"excerpt":{"rendered":"<p>\u00a9 Loris Von Siebenthal <div class=\"et_pb_row et_pb_row_0 et_pb_row_empty\">\n\t\t\t\t\n\t\t\t\t\n\t\t\t\t\n\t\t\t\t\n\t\t\t\t\n\t\t\t<\/div> Do you ignore the list of the equipment you have to always possess on board? Did you already lose a shackle pin or make a hole in your spinnaker? Don\u2019t worry, you\u2019re normal! SUI 46\u00b016\u2019 is here to help and advise you. Regarding chandlery, our selection goes from fenders, boat [&hellip;]<\/p>\n","protected":false},"author":1,"featured_media":0,"parent":153,"menu_order":0,"comment_status":"closed","ping_status":"closed","template":"","meta":{"_et_pb_use_builder":"on","_et_pb_old_content":"","_et_gb_content_width":"","_mi_skip_tracking":false},"acf":[],"_links":{"self":[{"href":"https:\/\/www.sui4616.ch\/en\/wp-json\/wp\/v2\/pages\/354"}],"collection":[{"href":"https:\/\/www.sui4616.ch\/en\/wp-json\/wp\/v2\/pages"}],"about":[{"href":"https:\/\/www.sui4616.ch\/en\/wp-json\/wp\/v2\/types\/page"}],"author":[{"embeddable":true,"href":"https:\/\/www.sui4616.ch\/en\/wp-json\/wp\/v2\/users\/1"}],"replies":[{"embeddable":true,"href":"https:\/\/www.sui4616.ch\/en\/wp-json\/wp\/v2\/comments?post=354"}],"version-history":[{"count":16,"href":"https:\/\/www.sui4616.ch\/en\/wp-json\/wp\/v2\/pages\/354\/revisions"}],"predecessor-version":[{"id":2083,"href":"https:\/\/www.sui4616.ch\/en\/wp-json\/wp\/v2\/pages\/354\/revisions\/2083"}],"up":[{"embeddable":true,"href":"https:\/\/www.sui4616.ch\/en\/wp-json\/wp\/v2\/pages\/153"}],"wp:attachment":[{"href":"https:\/\/www.sui4616.ch\/en\/wp-json\/wp\/v2\/media?parent=354"}],"curies":[{"name":"wp","href":"https:\/\/api.w.org\/{rel}","templated":true}]}}